{"id":3125,"date":"2020-07-29T15:29:56","date_gmt":"2020-07-29T15:29:56","guid":{"rendered":"https:\/\/fiskkaup.is\/?page_id=3125"},"modified":"2020-07-29T15:30:38","modified_gmt":"2020-07-29T15:30:38","slug":"history","status":"publish","type":"page","link":"https:\/\/fiskkaup.is\/en\/about-fiskkaup\/history\/","title":{"rendered":"History"},"content":{"rendered":"<div class=\"wpb-content-wrapper\"><p>[vc_row full_width=&#8221;stretch_row&#8221; css=&#8221;.vc_custom_1574437229396{padding-top: 77px !important;padding-bottom: 77px !important;background-image: url(https:\/\/fiskkaup.is\/wp-content\/uploads\/2019\/11\/header2-jokulsarlon-1.jpg?id=2935) !important;background-position: center !important;background-repeat: no-repeat !important;background-size: cover !important;}&#8221; mobile_bg_img_hidden=&#8221;no&#8221; tablet_bg_img_hidden=&#8221;no&#8221; woodmart_parallax=&#8221;0&#8243; woodmart_gradient_switch=&#8221;no&#8221; row_reverse_mobile=&#8221;0&#8243; row_reverse_tablet=&#8221;0&#8243; woodmart_disable_overflow=&#8221;0&#8243;][vc_column width=&#8221;1\/2&#8243;][vc_empty_space height=&#8221;85px&#8221; woodmart_hide_large=&#8221;0&#8243; woodmart_hide_medium=&#8221;0&#8243; woodmart_hide_small=&#8221;0&#8243; woodmart_hide_extra_small=&#8221;0&#8243;]\n\t\t<div id=\"wd-5f2195339420a\" class=\"title-wrapper  woodmart-title-color-black woodmart-title-style-default woodmart-title-width-100 text-left woodmart-title-size-custom vc_custom_1596036271798\">\n\t\t\t\t\t\t\t<div class=\"title-subtitle  font-alt subtitle-style-background woodmart-font-weight-800\">HISTORY<\/div>\n\t\t\t\n\t\t\t<div class=\"liner-continer\">\n\t\t\t\t<span class=\"left-line\"><\/span>\n\t\t\t\t<h4 class=\"woodmart-title-container title  woodmart-font-weight-700\" >Pioneers in exporting<\/h4>\t\t\t\t\t\t\t\t<span class=\"right-line\"><\/span>\n\t\t\t<\/div>\n\t\t\t\n\t\t\t\n\t\t\t\t\t<\/div>\n\t\t\n\t\t[\/vc_column][vc_column width=&#8221;1\/2&#8243;][\/vc_column][\/vc_row][vc_row][vc_column width=&#8221;2\/3&#8243;][vc_column_text text_larger=&#8221;no&#8221;]<img loading=\"lazy\" decoding=\"async\" class=\"alignright wp-image-2929\" src=\"https:\/\/fiskkaup.is\/wp-content\/uploads\/2019\/11\/jon_asbjornsson.jpg\" alt=\"\" width=\"290\" height=\"399\" srcset=\"https:\/\/fiskkaup.is\/wp-content\/uploads\/2019\/11\/jon_asbjornsson.jpg 480w, https:\/\/fiskkaup.is\/wp-content\/uploads\/2019\/11\/jon_asbjornsson-218x300.jpg 218w\" sizes=\"auto, (max-width: 290px) 100vw, 290px\" \/><\/p>\n<p>Fiskkaup Ltd is a family business which was founded in 1983 by J\u00f3n \u00c1sbj\u00f6rnsson and family, but the company&#8217;s history dates from 1950 when Jon and his father had a fishmonger&#8217;s shop and processed lumpfish at the harbour in Reykjav\u00edk. The third generation is at the helm today, and J\u00f3n&#8217;s son, \u00c1sbj\u00f6rn, is the managing director.<\/p>\n<p>Fiskkaup&#8217;s initial business plan was to buy fish and send it, salted or fresh, in containers to sell in the UK fish markets. Export opportunities had recently opened, initiated by J\u00f3n \u00c1sbj\u00f6rnsson himself. Fresh fillets were also transported by air. In about 1988, Fiskkaup was the first fishery in Iceland to be permitted to sell its own salt fish products directly, bypassing the monopoly of the Sales Union of Icelandic Fish Producers (S\u00cdF) which had existed until then. At first the permit applied only to the sale of salt fish fillets to Spain, but it was a considerable advantage because higher prices were paid for the company&#8217;s excellent products, and it was also possible to establish good relationships with customers.<\/p>\n<p><img loading=\"lazy\" decoding=\"async\" class=\"alignleft wp-image-2930\" src=\"https:\/\/fiskkaup.is\/wp-content\/uploads\/2019\/11\/24mars1971.jpg\" alt=\"\" width=\"310\" height=\"251\" srcset=\"https:\/\/fiskkaup.is\/wp-content\/uploads\/2019\/11\/24mars1971.jpg 1024w, https:\/\/fiskkaup.is\/wp-content\/uploads\/2019\/11\/24mars1971-300x243.jpg 300w, https:\/\/fiskkaup.is\/wp-content\/uploads\/2019\/11\/24mars1971-768x623.jpg 768w, https:\/\/fiskkaup.is\/wp-content\/uploads\/2019\/11\/24mars1971-600x486.jpg 600w\" sizes=\"auto, (max-width: 310px) 100vw, 310px\" \/>The company grew rapidly after this and soon opened branches widely in Iceland. Reductions in the fishing quota and increased competition for raw materials after 1995 called for adjustments within Fiskkaup, and operations were combined on one site at Reykjav\u00edk harbour. The company started fishing in 1994, after buying its first longliner, and became less dependent on the internal market as a supplier of raw materials; this lead to greater stability in production.<\/p>\n<p><img loading=\"lazy\" decoding=\"async\" class=\"alignright wp-image-2931\" src=\"https:\/\/fiskkaup.is\/wp-content\/uploads\/2019\/11\/bygging_fiskkaup.jpg\" alt=\"\" width=\"350\" height=\"230\" srcset=\"https:\/\/fiskkaup.is\/wp-content\/uploads\/2019\/11\/bygging_fiskkaup.jpg 1024w, https:\/\/fiskkaup.is\/wp-content\/uploads\/2019\/11\/bygging_fiskkaup-300x197.jpg 300w, https:\/\/fiskkaup.is\/wp-content\/uploads\/2019\/11\/bygging_fiskkaup-768x506.jpg 768w, https:\/\/fiskkaup.is\/wp-content\/uploads\/2019\/11\/bygging_fiskkaup-600x395.jpg 600w\" sizes=\"auto, (max-width: 350px) 100vw, 350px\" \/>Today, the company operates one longline ship and a smaller longline boat which provide the company with a constant source of fresh fish. In 2009, Fiskkaup moved to new premises by Reykjav\u00edk harbour, specially designed for the company&#8217;s activities and with exceptionally good facilities.<\/p>\n<p>[\/vc_column_text][\/vc_column][vc_column width=&#8221;1\/3&#8243;][vc_widget_sidebar sidebar_id=&#8221;sidebar-2921&#8243;][\/vc_column][\/vc_row]<\/p>\n<\/div>","protected":false},"excerpt":{"rendered":"<p>[vc_row full_width=&#8221;stretch_row&#8221; css=&#8221;.vc_custom_1574437229396{padding-top: 77px !important;padding-bottom: 77px !important;background-image: url(https:\/\/fiskkaup.is\/wp-content\/uploads\/2019\/11\/header2-jokulsarlon-1.jpg?id=2935) !important;background-position: center !important;background-repeat: no-repeat !important;background-size: cover !important;}&#8221; mobile_bg_img_hidden=&#8221;no&#8221; tablet_bg_img_hidden=&#8221;no&#8221; woodmart_parallax=&#8221;0&#8243; woodmart_gradient_switch=&#8221;no&#8221; row_reverse_mobile=&#8221;0&#8243;<\/p>\n","protected":false},"author":1,"featured_media":0,"parent":3112,"menu_order":0,"comment_status":"closed","ping_status":"closed","template":"","meta":{"footnotes":""},"class_list":["post-3125","page","type-page","status-publish","hentry"],"_links":{"self":[{"href":"https:\/\/fiskkaup.is\/en\/wp-json\/wp\/v2\/pages\/3125","targetHints":{"allow":["GET"]}}],"collection":[{"href":"https:\/\/fiskkaup.is\/en\/wp-json\/wp\/v2\/pages"}],"about":[{"href":"https:\/\/fiskkaup.is\/en\/wp-json\/wp\/v2\/types\/page"}],"author":[{"embeddable":true,"href":"https:\/\/fiskkaup.is\/en\/wp-json\/wp\/v2\/users\/1"}],"replies":[{"embeddable":true,"href":"https:\/\/fiskkaup.is\/en\/wp-json\/wp\/v2\/comments?post=3125"}],"version-history":[{"count":2,"href":"https:\/\/fiskkaup.is\/en\/wp-json\/wp\/v2\/pages\/3125\/revisions"}],"predecessor-version":[{"id":3132,"href":"https:\/\/fiskkaup.is\/en\/wp-json\/wp\/v2\/pages\/3125\/revisions\/3132"}],"up":[{"embeddable":true,"href":"https:\/\/fiskkaup.is\/en\/wp-json\/wp\/v2\/pages\/3112"}],"wp:attachment":[{"href":"https:\/\/fiskkaup.is\/en\/wp-json\/wp\/v2\/media?parent=3125"}],"curies":[{"name":"wp","href":"https:\/\/api.w.org\/{rel}","templated":true}]}}