{"id":3133,"date":"2020-07-29T15:33:06","date_gmt":"2020-07-29T15:33:06","guid":{"rendered":"https:\/\/fiskkaup.is\/?page_id=3133"},"modified":"2020-07-29T15:33:15","modified_gmt":"2020-07-29T15:33:15","slug":"our-staff","status":"publish","type":"page","link":"https:\/\/fiskkaup.is\/en\/about-fiskkaup\/our-staff\/","title":{"rendered":"Our Staff"},"content":{"rendered":"<div class=\"wpb-content-wrapper\"><p>[vc_row full_width=&#8221;stretch_row&#8221; css=&#8221;.vc_custom_1574520252160{padding-top: 77px !important;padding-bottom: 77px !important;background-image: url(https:\/\/fiskkaup.is\/wp-content\/uploads\/2019\/11\/header2-starfsfolk.jpg?id=2951) !important;background-position: center !important;background-repeat: no-repeat !important;background-size: cover !important;}&#8221; mobile_bg_img_hidden=&#8221;no&#8221; tablet_bg_img_hidden=&#8221;no&#8221; woodmart_parallax=&#8221;0&#8243; woodmart_gradient_switch=&#8221;no&#8221; row_reverse_mobile=&#8221;0&#8243; row_reverse_tablet=&#8221;0&#8243; woodmart_disable_overflow=&#8221;0&#8243;][vc_column width=&#8221;1\/2&#8243;][vc_empty_space height=&#8221;85px&#8221; woodmart_hide_large=&#8221;0&#8243; woodmart_hide_medium=&#8221;0&#8243; woodmart_hide_small=&#8221;0&#8243; woodmart_hide_extra_small=&#8221;0&#8243;]\n\t\t<div id=\"wd-5f219683f1504\" class=\"title-wrapper  woodmart-title-color-black woodmart-title-style-default woodmart-title-width-100 text-left woodmart-title-size-custom vc_custom_1596036601756\">\n\t\t\t\t\t\t\t<div class=\"title-subtitle  font-alt subtitle-style-background woodmart-font-weight-800\">OUR STAFF<\/div>\n\t\t\t\n\t\t\t<div class=\"liner-continer\">\n\t\t\t\t<span class=\"left-line\"><\/span>\n\t\t\t\t<h4 class=\"woodmart-title-container title  woodmart-font-weight-700\" >Invaluable workforce<\/h4>\t\t\t\t\t\t\t\t<span class=\"right-line\"><\/span>\n\t\t\t<\/div>\n\t\t\t\n\t\t\t\n\t\t\t\t\t<\/div>\n\t\t\n\t\t[\/vc_column][vc_column width=&#8221;1\/2&#8243;][\/vc_column][\/vc_row][vc_row][vc_column width=&#8221;2\/3&#8243;][vc_single_image image=&#8221;3135&#8243; img_size=&#8221;full&#8221; parallax_scroll=&#8221;no&#8221;][vc_column_text text_larger=&#8221;no&#8221;]Fiskkaup prides itself in hiring good employees who are committed to producing quality products. Emphasis is placed on excellent training and good facilities. Fiskkaup has an experienced workforce and a low employee turnover.<\/p>\n<h2>Contacts:<\/h2>\n<p>[\/vc_column_text][vc_column_text text_larger=&#8221;no&#8221;]\n<table id=\"tablepress-1\" class=\"tablepress tablepress-id-1\">\n<thead>\n<tr class=\"row-1\">\n\t<th class=\"column-1\">Nafn<\/th><th class=\"column-2\">Netfang<\/th><th class=\"column-3\">S\u00edmi<\/th><th class=\"column-4\">Fars\u00edmi<\/th>\n<\/tr>\n<\/thead>\n<tbody class=\"row-striping row-hover\">\n<tr class=\"row-2\">\n\t<td class=\"column-1\">Arnd\u00eds \u00c1sbj\u00f6rnsd\u00f3ttir, almenn skrifstofust\u00f6rf<\/td><td class=\"column-2\">arndis\"hj\u00e1\"fiskkaup.is<\/td><td class=\"column-3\">520 7309<\/td><td class=\"column-4\">864 4355<\/td>\n<\/tr>\n<tr class=\"row-3\">\n\t<td class=\"column-1\">\u00c1sbj\u00f6rn Dan\u00edel \u00c1sbj\u00f6rnsson, a\u00f0sto\u00f0arframkv\u00e6mdastj\u00f3ri<\/td><td class=\"column-2\">bjossi\u201chj\u00e1\u201cfiskkaup.is<\/td><td class=\"column-3\">520 7306<\/td><td class=\"column-4\">698 8242<\/td>\n<\/tr>\n<tr class=\"row-4\">\n\t<td class=\"column-1\">\u00c1sbj\u00f6rn J\u00f3nsson, framkv\u00e6mdastj\u00f3ri<\/td><td class=\"column-2\">asbjorn\"hj\u00e1\"fiskkaup.is<\/td><td class=\"column-3\">520 7304<\/td><td class=\"column-4\">892 5374<\/td>\n<\/tr>\n<tr class=\"row-5\">\n\t<td class=\"column-1\">Finnur Bjarnason, vi\u00f0haldsstj\u00f3ri<\/td><td class=\"column-2\">finnur\u201chj\u00e1\u201cfiskkaup.is<\/td><td class=\"column-3\"><\/td><td class=\"column-4\">894 2840<\/td>\n<\/tr>\n<tr class=\"row-6\">\n\t<td class=\"column-1\">Gu\u00f0j\u00f3n Gunnlaugsson, framlei\u00f0slustj\u00f3ri<\/td><td class=\"column-2\">gudjon\u201chj\u00e1\u201cfiskkaup.is<\/td><td class=\"column-3\">520 7308<\/td><td class=\"column-4\">855 1770<\/td>\n<\/tr>\n<tr class=\"row-7\">\n\t<td class=\"column-1\">Hj\u00e1lmar Gunnarsson, verkst\u00e6\u00f0isma\u00f0ur<\/td><td class=\"column-2\">verk\u201chj\u00e1\u201cfiskkaup.is<\/td><td class=\"column-3\"><\/td><td class=\"column-4\">865 5432<\/td>\n<\/tr>\n<tr class=\"row-8\">\n\t<td class=\"column-1\">J\u00f3ney Kristj\u00e1nsd\u00f3ttir, skrifstofustj\u00f3ri<\/td><td class=\"column-2\">joney\u201chj\u00e1\u201cfiskkaup.is<\/td><td class=\"column-3\">520 7305<\/td><td class=\"column-4\"><\/td>\n<\/tr>\n<tr class=\"row-9\">\n\t<td class=\"column-1\">Mindaugas Puckorius, verkstj\u00f3ri<\/td><td class=\"column-2\">minde\"hj\u00e1\"fiskkaup.is<\/td><td class=\"column-3\"><\/td><td class=\"column-4\">776 9611<\/td>\n<\/tr>\n<tr class=\"row-10\">\n\t<td class=\"column-1\">Rafnar Hl\u00ed\u00f0berg, vi\u00f0hald skipa<\/td><td class=\"column-2\">rabbi\"hj\u00e1\"fiskkaup.is<\/td><td class=\"column-3\"><\/td><td class=\"column-4\">895 8664<\/td>\n<\/tr>\n<tr class=\"row-11\">\n\t<td class=\"column-1\">Rakel Flygenring<\/td><td class=\"column-2\">rakel\"hj\u00e1\"fiskkaup.is<\/td><td class=\"column-3\"><\/td><td class=\"column-4\"><\/td>\n<\/tr>\n<tr class=\"row-12\">\n\t<td class=\"column-1\">Sigur\u00f0ur \u00deyrill Ingvason, g\u00e6\u00f0astj\u00f3ri<\/td><td class=\"column-2\">siggi \"hj\u00e1\"fiskkaup.is<\/td><td class=\"column-3\"><\/td><td class=\"column-4\"><\/td>\n<\/tr>\n<\/tbody>\n<\/table>\n<!-- #tablepress-1 from cache -->[\/vc_column_text][\/vc_column][vc_column width=&#8221;1\/3&#8243;][vc_widget_sidebar sidebar_id=&#8221;sidebar-2921&#8243;][\/vc_column][\/vc_row]<\/p>\n<\/div>","protected":false},"excerpt":{"rendered":"<p>[vc_row full_width=&#8221;stretch_row&#8221; css=&#8221;.vc_custom_1574520252160{padding-top: 77px !important;padding-bottom: 77px !important;background-image: url(https:\/\/fiskkaup.is\/wp-content\/uploads\/2019\/11\/header2-starfsfolk.jpg?id=2951) !important;background-position: center !important;background-repeat: no-repeat !important;background-size: cover !important;}&#8221; mobile_bg_img_hidden=&#8221;no&#8221; tablet_bg_img_hidden=&#8221;no&#8221; woodmart_parallax=&#8221;0&#8243; woodmart_gradient_switch=&#8221;no&#8221; row_reverse_mobile=&#8221;0&#8243;<\/p>\n","protected":false},"author":1,"featured_media":0,"parent":3112,"menu_order":0,"comment_status":"closed","ping_status":"closed","template":"","meta":{"footnotes":""},"class_list":["post-3133","page","type-page","status-publish","hentry"],"_links":{"self":[{"href":"https:\/\/fiskkaup.is\/en\/wp-json\/wp\/v2\/pages\/3133","targetHints":{"allow":["GET"]}}],"collection":[{"href":"https:\/\/fiskkaup.is\/en\/wp-json\/wp\/v2\/pages"}],"about":[{"href":"https:\/\/fiskkaup.is\/en\/wp-json\/wp\/v2\/types\/page"}],"author":[{"embeddable":true,"href":"https:\/\/fiskkaup.is\/en\/wp-json\/wp\/v2\/users\/1"}],"replies":[{"embeddable":true,"href":"https:\/\/fiskkaup.is\/en\/wp-json\/wp\/v2\/comments?post=3133"}],"version-history":[{"count":3,"href":"https:\/\/fiskkaup.is\/en\/wp-json\/wp\/v2\/pages\/3133\/revisions"}],"predecessor-version":[{"id":3139,"href":"https:\/\/fiskkaup.is\/en\/wp-json\/wp\/v2\/pages\/3133\/revisions\/3139"}],"up":[{"embeddable":true,"href":"https:\/\/fiskkaup.is\/en\/wp-json\/wp\/v2\/pages\/3112"}],"wp:attachment":[{"href":"https:\/\/fiskkaup.is\/en\/wp-json\/wp\/v2\/media?parent=3133"}],"curies":[{"name":"wp","href":"https:\/\/api.w.org\/{rel}","templated":true}]}}