{"id":3140,"date":"2020-07-29T15:35:53","date_gmt":"2020-07-29T15:35:53","guid":{"rendered":"https:\/\/fiskkaup.is\/?page_id=3140"},"modified":"2025-03-19T15:17:08","modified_gmt":"2025-03-19T15:17:08","slug":"vessels","status":"publish","type":"page","link":"https:\/\/fiskkaup.is\/en\/vessels\/","title":{"rendered":"Vessels"},"content":{"rendered":"<div class=\"wpb-content-wrapper\"><p>[vc_row full_width=&#8221;stretch_row&#8221; css=&#8221;.vc_custom_1574521628934{padding-top: 77px !important;padding-bottom: 77px !important;background-image: url(https:\/\/fiskkaup.is\/wp-content\/uploads\/2019\/11\/header2-skipin.jpg?id=2958) !important;background-position: center !important;background-repeat: no-repeat !important;background-size: cover !important;}&#8221; mobile_bg_img_hidden=&#8221;no&#8221; tablet_bg_img_hidden=&#8221;no&#8221; woodmart_parallax=&#8221;0&#8243; woodmart_gradient_switch=&#8221;no&#8221; row_reverse_mobile=&#8221;0&#8243; row_reverse_tablet=&#8221;0&#8243; woodmart_disable_overflow=&#8221;0&#8243;][vc_column width=&#8221;1\/2&#8243;][vc_empty_space height=&#8221;85px&#8221; woodmart_hide_large=&#8221;0&#8243; woodmart_hide_medium=&#8221;0&#8243; woodmart_hide_small=&#8221;0&#8243; woodmart_hide_extra_small=&#8221;0&#8243;]\n\t\t<div id=\"wd-5f219727af877\" class=\"title-wrapper  woodmart-title-color-black woodmart-title-style-default woodmart-title-width-100 text-left woodmart-title-size-custom vc_custom_1596036769456\">\n\t\t\t\t\t\t\t<div class=\"title-subtitle  font-alt subtitle-style-background woodmart-font-weight-800\">VESSELS<\/div>\n\t\t\t\n\t\t\t<div class=\"liner-continer\">\n\t\t\t\t<span class=\"left-line\"><\/span>\n\t\t\t\t<h4 class=\"woodmart-title-container title  woodmart-font-weight-700\" >Our own fishing vessels are the key<\/h4>\t\t\t\t\t\t\t\t<span class=\"right-line\"><\/span>\n\t\t\t<\/div>\n\t\t\t\n\t\t\t\n\t\t\t\t\t<\/div>\n\t\t\n\t\t[vc_empty_space height=&#8221;100px&#8221; woodmart_hide_large=&#8221;0&#8243; woodmart_hide_medium=&#8221;0&#8243; woodmart_hide_small=&#8221;0&#8243; woodmart_hide_extra_small=&#8221;0&#8243;][\/vc_column][vc_column width=&#8221;1\/2&#8243;][\/vc_column][\/vc_row][vc_row][vc_column width=&#8221;2\/3&#8243;][vc_single_image image=&#8221;3071&#8243; img_size=&#8221;full&#8221; parallax_scroll=&#8221;no&#8221;][vc_column_text text_larger=&#8221;no&#8221;]Managing our own fishing boats is the key to ensuring that our customers get the best products and consistent quality all year round. It allows us to guarantee a timely supply of the raw materials and make sure that the handling of the catch meets our exacting standards .<\/p>\n<p>Fiskkaup owns, and operates, one large longliner, Kristr\u00fan RE-177, and a smaller one named J\u00f3n \u00c1sbj\u00f6rnsson RE-777. The company&#8217;s boats catch an estimated 3,500 tons of fish annually.[\/vc_column_text][\/vc_column][vc_column width=&#8221;1\/3&#8243;][vc_widget_sidebar sidebar_id=&#8221;sidebar-2921&#8243;][\/vc_column][\/vc_row][vc_row][vc_column width=&#8221;1\/3&#8243;][vc_single_image image=&#8221;3506&#8243; img_size=&#8221;full&#8221; css=&#8221;.vc_custom_1742397425338{margin-bottom: 12px !important;}&#8221; parallax_scroll=&#8221;no&#8221;]\t\t\t<div class=\"info-box-wrapper \">\n\t\t\t\t<div id=\"wd-5f2198148810e\" class=\" woodmart-info-box text-left box-icon-align-left box-style- color-scheme- woodmart-bg-none box-title-default \"  >\n\t\t\t\t\t\t\t\t\t\t<div class=\"info-box-content\">\n\t\t\t\t\t\t<h4 class=\"info-box-title woodmart-font-weight- box-title-style-default\">Kristr\u00fan RE-177<\/h4>\t\t\t\t\t\t<div class=\"info-box-inner reset-mb-10\">\n\t\t\t\t\t\t\t<p>Vessel ID: 2774<br \/>\nYear: 1988<br \/>\nLength: 47,7 m.<br \/>\nWidth: 9,0 m.<br \/>\nCaptain: Helgi Aage Torfason, tel.: 899-3944<br \/>\ntel. in vessel: 412-1174<\/p>\n\t\t\t\t\t\t<\/div>\n\n\t\t\t\t\t\t\t\t\t\t\t\t\n\t\t\t\t\t<\/div>\n\n\t\t\t\t\t\t\t\t\t<\/div>\n\t\t\t<\/div>\n\t\t[\/vc_column][vc_column width=&#8221;1\/3&#8243;][vc_single_image image=&#8221;3323&#8243; img_size=&#8221;full&#8221; css=&#8221;.vc_custom_1596705053326{margin-bottom: 12px !important;}&#8221; parallax_scroll=&#8221;no&#8221;]\t\t\t<div class=\"info-box-wrapper \">\n\t\t\t\t<div id=\"wd-5f2197e55ac2d\" class=\" woodmart-info-box text-left box-icon-align-left box-style- color-scheme- woodmart-bg-none box-title-default \"  >\n\t\t\t\t\t\t\t\t\t\t<div class=\"info-box-content\">\n\t\t\t\t\t\t<h4 class=\"info-box-title woodmart-font-weight- box-title-style-default\">J\u00f3n \u00c1sbj\u00f6rnsson RE-777<\/h4>\t\t\t\t\t\t<div class=\"info-box-inner reset-mb-10\">\n\t\t\t\t\t\t\t<p>Vessel ID: 2755<br \/>\nYear: 2008<br \/>\nLength: 11,94 m.<br \/>\nWidth: 4,18 m.<br \/>\nCaptein: Sigurbergur Vigf\u00fasson, tel.: 692-3866<\/p>\n\t\t\t\t\t\t<\/div>\n\n\t\t\t\t\t\t\t\t\t\t\t\t\n\t\t\t\t\t<\/div>\n\n\t\t\t\t\t\t\t\t\t<\/div>\n\t\t\t<\/div>\n\t\t[\/vc_column][vc_column width=&#8221;1\/3&#8243;][vc_single_image image=&#8221;3531&#8243; img_size=&#8221;full&#8221; css=&#8221;.vc_custom_1742397406193{margin-bottom: 12px !important;}&#8221; parallax_scroll=&#8221;no&#8221;]\t\t\t<div class=\"info-box-wrapper \">\n\t\t\t\t<div id=\"wd-67dadf0d65687\" class=\" woodmart-info-box text-left box-icon-align-left box-style- color-scheme- woodmart-bg-none box-title-default \"  >\n\t\t\t\t\t\t\t\t\t\t<div class=\"info-box-content\">\n\t\t\t\t\t\t<h4 class=\"info-box-title woodmart-font-weight- box-title-style-default\">A\u00f0albj\u00f6rg RE-5<\/h4>\t\t\t\t\t\t<div class=\"info-box-inner reset-mb-10\">\n\t\t\t\t\t\t\t<p>Vessel ID: 1755<br \/>\nYear: 1987<br \/>\nLength: 21,99 m.<br \/>\nWidth: 5,0 m.<br \/>\nCaptein: Sigtryggur Albertsson<\/p>\n\t\t\t\t\t\t<\/div>\n\n\t\t\t\t\t\t\t\t\t\t\t\t\n\t\t\t\t\t<\/div>\n\n\t\t\t\t\t\t\t\t\t<\/div>\n\t\t\t<\/div>\n\t\t[\/vc_column][\/vc_row]<\/p>\n<\/div>","protected":false},"excerpt":{"rendered":"<p>[vc_row full_width=&#8221;stretch_row&#8221; css=&#8221;.vc_custom_1574521628934{padding-top: 77px !important;padding-bottom: 77px !important;background-image: url(https:\/\/fiskkaup.is\/wp-content\/uploads\/2019\/11\/header2-skipin.jpg?id=2958) !important;background-position: center !important;background-repeat: no-repeat !important;background-size: cover !important;}&#8221; mobile_bg_img_hidden=&#8221;no&#8221; tablet_bg_img_hidden=&#8221;no&#8221; woodmart_parallax=&#8221;0&#8243; woodmart_gradient_switch=&#8221;no&#8221; row_reverse_mobile=&#8221;0&#8243;<\/p>\n","protected":false},"author":1,"featured_media":0,"parent":0,"menu_order":0,"comment_status":"closed","ping_status":"closed","template":"","meta":{"footnotes":""},"class_list":["post-3140","page","type-page","status-publish","hentry"],"_links":{"self":[{"href":"https:\/\/fiskkaup.is\/en\/wp-json\/wp\/v2\/pages\/3140","targetHints":{"allow":["GET"]}}],"collection":[{"href":"https:\/\/fiskkaup.is\/en\/wp-json\/wp\/v2\/pages"}],"about":[{"href":"https:\/\/fiskkaup.is\/en\/wp-json\/wp\/v2\/types\/page"}],"author":[{"embeddable":true,"href":"https:\/\/fiskkaup.is\/en\/wp-json\/wp\/v2\/users\/1"}],"replies":[{"embeddable":true,"href":"https:\/\/fiskkaup.is\/en\/wp-json\/wp\/v2\/comments?post=3140"}],"version-history":[{"count":11,"href":"https:\/\/fiskkaup.is\/en\/wp-json\/wp\/v2\/pages\/3140\/revisions"}],"predecessor-version":[{"id":3540,"href":"https:\/\/fiskkaup.is\/en\/wp-json\/wp\/v2\/pages\/3140\/revisions\/3540"}],"wp:attachment":[{"href":"https:\/\/fiskkaup.is\/en\/wp-json\/wp\/v2\/media?parent=3140"}],"curies":[{"name":"wp","href":"https:\/\/api.w.org\/{rel}","templated":true}]}}